{"id":243,"date":"2014-07-02T01:18:31","date_gmt":"2014-07-02T01:18:31","guid":{"rendered":"http:\/\/www.granitosepavimentos.com\/?page_id=243"},"modified":"2018-02-12T02:52:25","modified_gmt":"2018-02-12T02:52:25","slug":"about-us","status":"publish","type":"page","link":"https:\/\/www.granitosepavimentos.com\/fr\/about-us\/","title":{"rendered":"A notre sujet"},"content":{"rendered":"<h2>L&rsquo; Enterprise<\/h2>\n<p>Fond\u00e9 en 2008, JOS\u00c9 L.S.Monteiro unipessoal lda, a realis\u00e9 divers travaux li\u00e9s \u00e1 la transformation et \u00e1 l\u00b4exploitation de granit , ainsi qu\u00b4\u00e1 la realisation de divers travaux d\u00b4ordre public et priv\u00e9, cherchant a ateindre les march\u00e9s nationaux et internationaux. Notre si\u00e9ge se trouve a Alpendorada e Matos , petite ville de Marco de Canaveses , ou nous avons nos installations et notre filial en Vila Nova De Gaia . Nous disposons d\u00b4une vaste \u00e9quipe de colaborteurs qualifi\u00e9s competants traurnant cette entreprise plus competitive et credible a nivaux national et international . Apuy\u00e9 par la plus recente technologie et avec une vaste game de granits nationaux et import\u00e9s, nous nous orgueillons de pouvoir repondre \u00e1 la croissante demande du marche. Accompagnent , toujours avec grande rigueur tout le proc\u00e9d\u00e9 qui va de la selection de la matiere premi\u00e8re jusqu\u00b4a son exportation. Toujours en constante progression, en plus de nos clients nationaux, nous exportons nos produits pour le reste de l\u00b4Europe , en Africa et aux Etats unis.<\/p>","protected":false},"excerpt":{"rendered":"<p>L&rsquo; Enterprise Fond\u00e9 en 2008, JOS\u00c9 L.S.Monteiro unipessoal lda, a realis\u00e9 divers travaux li\u00e9s \u00e1 la transformation et \u00e1 l\u00b4exploitation de granit , ainsi qu\u00b4\u00e1 la realisation de divers travaux d\u00b4ordre public et priv\u00e9, cherchant a ateindre les march\u00e9s nationaux &hellip; <a href=\"https:\/\/www.granitosepavimentos.com\/fr\/about-us\/\">Lire la suite\u00ad\u00ad<\/a><\/p>\n","protected":false},"author":1,"featured_media":0,"parent":0,"menu_order":0,"comment_status":"closed","ping_status":"closed","template":"","meta":[],"_links":{"self":[{"href":"https:\/\/www.granitosepavimentos.com\/fr\/wp-json\/wp\/v2\/pages\/243"}],"collection":[{"href":"https:\/\/www.granitosepavimentos.com\/fr\/wp-json\/wp\/v2\/pages"}],"about":[{"href":"https:\/\/www.granitosepavimentos.com\/fr\/wp-json\/wp\/v2\/types\/page"}],"author":[{"embeddable":true,"href":"https:\/\/www.granitosepavimentos.com\/fr\/wp-json\/wp\/v2\/users\/1"}],"replies":[{"embeddable":true,"href":"https:\/\/www.granitosepavimentos.com\/fr\/wp-json\/wp\/v2\/comments?post=243"}],"version-history":[{"count":16,"href":"https:\/\/www.granitosepavimentos.com\/fr\/wp-json\/wp\/v2\/pages\/243\/revisions"}],"predecessor-version":[{"id":685,"href":"https:\/\/www.granitosepavimentos.com\/fr\/wp-json\/wp\/v2\/pages\/243\/revisions\/685"}],"wp:attachment":[{"href":"https:\/\/www.granitosepavimentos.com\/fr\/wp-json\/wp\/v2\/media?parent=243"}],"curies":[{"name":"wp","href":"https:\/\/api.w.org\/{rel}","templated":true}]}}